{"id":3376,"date":"2020-11-19T16:58:37","date_gmt":"2020-11-19T20:58:37","guid":{"rendered":"https:\/\/ile-bizardtkd.com\/?post_type=product&#038;p=3376"},"modified":"2025-08-28T14:51:29","modified_gmt":"2025-08-28T18:51:29","slug":"full-set-protective-gear-taekwondo","status":"publish","type":"product","link":"https:\/\/ile-bizardtkd.com\/fr\/produit\/full-set-protective-gear-taekwondo\/","title":{"rendered":"Ensemble complet - \u00c9quipement de protection Taekwondo"},"content":{"rendered":"","protected":false},"excerpt":{"rendered":"<p>Ensemble complet - \u00c9quipement de protection Taekwondo - Inclus: casque, plastron, prot\u00e8ge-bras, prot\u00e8ge-tibias et prot\u00e8ge-pieds, coquille. N.B. (* Obligatoire pour la Ceinture Jaune et plus)<\/p>","protected":false},"featured_media":3378,"template":"","meta":[],"product_brand":[],"product_cat":[56],"product_tag":[],"class_list":{"0":"post-3376","1":"product","2":"type-product","3":"status-publish","4":"has-post-thumbnail","6":"product_cat-apparel","8":"entry","9":"has-media","11":"first","12":"instock","13":"taxable","14":"shipping-taxable","15":"purchasable","16":"product-type-variable","17":"has-product-nav","18":"col","19":"span_1_of_3","20":"owp-content-center","21":"owp-thumbs-layout-horizontal","22":"owp-btn-normal","23":"owp-tabs-layout-horizontal"},"_links":{"self":[{"href":"https:\/\/ile-bizardtkd.com\/fr\/wp-json\/wp\/v2\/product\/3376","targetHints":{"allow":["GET"]}}],"collection":[{"href":"https:\/\/ile-bizardtkd.com\/fr\/wp-json\/wp\/v2\/product"}],"about":[{"href":"https:\/\/ile-bizardtkd.com\/fr\/wp-json\/wp\/v2\/types\/product"}],"wp:featuredmedia":[{"embeddable":true,"href":"https:\/\/ile-bizardtkd.com\/fr\/wp-json\/wp\/v2\/media\/3378"}],"wp:attachment":[{"href":"https:\/\/ile-bizardtkd.com\/fr\/wp-json\/wp\/v2\/media?parent=3376"}],"wp:term":[{"taxonomy":"product_brand","embeddable":true,"href":"https:\/\/ile-bizardtkd.com\/fr\/wp-json\/wp\/v2\/product_brand?post=3376"},{"taxonomy":"product_cat","embeddable":true,"href":"https:\/\/ile-bizardtkd.com\/fr\/wp-json\/wp\/v2\/product_cat?post=3376"},{"taxonomy":"product_tag","embeddable":true,"href":"https:\/\/ile-bizardtkd.com\/fr\/wp-json\/wp\/v2\/product_tag?post=3376"}],"curies":[{"name":"wp","href":"https:\/\/api.w.org\/{rel}","templated":true}]}}