{"id":601,"date":"2020-03-25T00:24:25","date_gmt":"2020-03-25T00:24:25","guid":{"rendered":"https:\/\/ile-bizardtkd.com\/?page_id=601"},"modified":"2021-06-15T16:22:49","modified_gmt":"2021-06-15T20:22:49","slug":"kickboxing-women","status":"publish","type":"page","link":"https:\/\/ile-bizardtkd.com\/fr\/kickboxing-women\/","title":{"rendered":"Kickboxing femme"},"content":{"rendered":"<div data-elementor-type=\"wp-post\" data-elementor-id=\"601\" class=\"elementor elementor-601\" data-elementor-post-type=\"page\">\n\t\t\t\t\t\t<section class=\"elementor-section elementor-top-section elementor-element elementor-element-43d5c1c elementor-section-stretched elementor-section-full_width elementor-section-height-min-height elementor-section-content-bottom elementor-section-height-default elementor-section-items-middle\" data-id=\"43d5c1c\" data-element_type=\"section\" data-e-type=\"section\" data-settings=\"{&quot;stretch_section&quot;:&quot;section-stretched&quot;,&quot;background_background&quot;:&quot;classic&quot;}\">\n\t\t\t\t\t\t\t<div class=\"elementor-background-overlay\"><\/div>\n\t\t\t\t\t\t\t<div class=\"elementor-container elementor-column-gap-default\">\n\t\t\t\t\t<div class=\"elementor-column elementor-col-100 elementor-top-column elementor-element elementor-element-bc98123\" data-id=\"bc98123\" data-element_type=\"column\" data-e-type=\"column\">\n\t\t\t<div class=\"elementor-widget-wrap elementor-element-populated\">\n\t\t\t\t\t\t<div class=\"elementor-element elementor-element-faa9873 elementor-widget elementor-widget-heading\" data-id=\"faa9873\" data-element_type=\"widget\" data-e-type=\"widget\" data-widget_type=\"heading.default\">\n\t\t\t\t<div class=\"elementor-widget-container\">\n\t\t\t\t\t<h1 class=\"elementor-heading-title elementor-size-default\">Kickboxing-Elle<\/h1>\t\t\t\t<\/div>\n\t\t\t\t<\/div>\n\t\t\t\t\t<\/div>\n\t\t<\/div>\n\t\t\t\t\t<\/div>\n\t\t<\/section>\n\t\t\t\t<section class=\"elementor-section elementor-top-section elementor-element elementor-element-6bf7ee1 elementor-section-boxed elementor-section-height-default elementor-section-height-default\" data-id=\"6bf7ee1\" data-element_type=\"section\" data-e-type=\"section\" data-settings=\"{&quot;background_background&quot;:&quot;classic&quot;}\">\n\t\t\t\t\t\t<div class=\"elementor-container elementor-column-gap-default\">\n\t\t\t\t\t<div class=\"elementor-column elementor-col-100 elementor-top-column elementor-element elementor-element-51aab8e\" data-id=\"51aab8e\" data-element_type=\"column\" data-e-type=\"column\">\n\t\t\t<div class=\"elementor-widget-wrap elementor-element-populated\">\n\t\t\t\t\t\t<div class=\"elementor-element elementor-element-d159f0d elementor-widget elementor-widget-heading\" data-id=\"d159f0d\" data-element_type=\"widget\" data-e-type=\"widget\" data-widget_type=\"heading.default\">\n\t\t\t\t<div class=\"elementor-widget-container\">\n\t\t\t\t\t<h1 class=\"elementor-heading-title elementor-size-default\">Kickboxing ELLE<\/h1>\t\t\t\t<\/div>\n\t\t\t\t<\/div>\n\t\t\t\t<div class=\"elementor-element elementor-element-be14d65 elementor-widget-divider--view-line elementor-widget elementor-widget-divider\" data-id=\"be14d65\" data-element_type=\"widget\" data-e-type=\"widget\" data-widget_type=\"divider.default\">\n\t\t\t\t<div class=\"elementor-widget-container\">\n\t\t\t\t\t\t\t<div class=\"elementor-divider\">\n\t\t\t<span class=\"elementor-divider-separator\">\n\t\t\t\t\t\t<\/span>\n\t\t<\/div>\n\t\t\t\t\t\t<\/div>\n\t\t\t\t<\/div>\n\t\t\t\t<div class=\"elementor-element elementor-element-fc32d18 elementor-widget elementor-widget-text-editor\" data-id=\"fc32d18\" data-element_type=\"widget\" data-e-type=\"widget\" data-widget_type=\"text-editor.default\">\n\t\t\t\t<div class=\"elementor-widget-container\">\n\t\t\t\t\t\t\t\t\t<p>Le Kickboxing est un art martial dynamique. C'est un moyen efficace de perdre du poids et de se mettre en forme puisque vous utiliserez tous les muscles de votre corps. Avec des mouvements inspir\u00e9s de la boxe et du taekwondo, vous obtiendrez la meilleure exp\u00e9rience et apprendrez \u00e0 la fois les techniques de combat, le fitness et l'auto-d\u00e9fense.<\/p><p>L'entra\u00eenement au kickboxing consiste en des coups de poing, des blocs, des esquives, des coups de pied, des coudes et des frappes au genou.<\/p><p>Du d\u00e9butant au combattant exp\u00e9riment\u00e9. Nous garantissons une formation en toute s\u00e9curit\u00e9 et nous concentrons sur vos objectifs personnels.\u00a0<\/p><p>Que ce soit:<\/p><ul><li>Perte de poids ou gain musculaire (exercices pour les femmes)<\/li><li>Gain de confiance en soi, concentration et discipline)<\/li><li>Soulager le stress<\/li><li>Apprendre l&#039;autod\u00e9fense pour les femmes<\/li><\/ul><p>Mettez vos gants et gardez-vous pr\u00eat \u00e0 commencer votre entra\u00eenement de kickboxing; \u00c9dition Acad\u00e9mie des arts martiaux de l'\u00cele-Bizard.<\/p>\t\t\t\t\t\t\t\t<\/div>\n\t\t\t\t<\/div>\n\t\t\t\t\t<\/div>\n\t\t<\/div>\n\t\t\t\t\t<\/div>\n\t\t<\/section>\n\t\t\t\t<section class=\"elementor-section elementor-top-section elementor-element elementor-element-dafe71e elementor-section-boxed elementor-section-height-default elementor-section-height-default\" data-id=\"dafe71e\" data-element_type=\"section\" data-e-type=\"section\" data-settings=\"{&quot;background_background&quot;:&quot;classic&quot;}\">\n\t\t\t\t\t\t<div class=\"elementor-container elementor-column-gap-default\">\n\t\t\t\t\t<div class=\"elementor-column elementor-col-100 elementor-top-column elementor-element elementor-element-a9c774a\" data-id=\"a9c774a\" data-element_type=\"column\" data-e-type=\"column\">\n\t\t\t<div class=\"elementor-widget-wrap\">\n\t\t\t\t\t\t\t<\/div>\n\t\t<\/div>\n\t\t\t\t\t<\/div>\n\t\t<\/section>\n\t\t\t\t<section class=\"elementor-section elementor-top-section elementor-element elementor-element-b114ec6 elementor-section-content-middle elementor-section-boxed elementor-section-height-default elementor-section-height-default\" data-id=\"b114ec6\" data-element_type=\"section\" data-e-type=\"section\">\n\t\t\t\t\t\t<div class=\"elementor-container elementor-column-gap-default\">\n\t\t\t\t\t<div class=\"elementor-column elementor-col-100 elementor-top-column elementor-element elementor-element-9865fcb\" data-id=\"9865fcb\" data-element_type=\"column\" data-e-type=\"column\">\n\t\t\t<div class=\"elementor-widget-wrap\">\n\t\t\t\t\t\t\t<\/div>\n\t\t<\/div>\n\t\t\t\t\t<\/div>\n\t\t<\/section>\n\t\t\t\t<\/div>","protected":false},"excerpt":{"rendered":"<p>Kickboxing-Elle Kickboxing ELLE Kickboxing is a dynamic martial art. It is an effective way to lose weight and get into shape since you will be using your entire body muscles. With movements inspired by boxing and taekwondo, you will get the best experience and learn both combat techniques, fitness, and self-defense. Kickboxing training consists of [&hellip;]<\/p>\n","protected":false},"author":1,"featured_media":0,"parent":0,"menu_order":0,"comment_status":"closed","ping_status":"closed","template":"elementor_header_footer","meta":{"footnotes":""},"class_list":["post-601","page","type-page","status-publish","hentry","entry","owp-thumbs-layout-horizontal","owp-btn-normal","owp-tabs-layout-horizontal","has-no-thumbnails","has-product-nav"],"_links":{"self":[{"href":"https:\/\/ile-bizardtkd.com\/fr\/wp-json\/wp\/v2\/pages\/601","targetHints":{"allow":["GET"]}}],"collection":[{"href":"https:\/\/ile-bizardtkd.com\/fr\/wp-json\/wp\/v2\/pages"}],"about":[{"href":"https:\/\/ile-bizardtkd.com\/fr\/wp-json\/wp\/v2\/types\/page"}],"author":[{"embeddable":true,"href":"https:\/\/ile-bizardtkd.com\/fr\/wp-json\/wp\/v2\/users\/1"}],"replies":[{"embeddable":true,"href":"https:\/\/ile-bizardtkd.com\/fr\/wp-json\/wp\/v2\/comments?post=601"}],"version-history":[{"count":17,"href":"https:\/\/ile-bizardtkd.com\/fr\/wp-json\/wp\/v2\/pages\/601\/revisions"}],"predecessor-version":[{"id":5269,"href":"https:\/\/ile-bizardtkd.com\/fr\/wp-json\/wp\/v2\/pages\/601\/revisions\/5269"}],"wp:attachment":[{"href":"https:\/\/ile-bizardtkd.com\/fr\/wp-json\/wp\/v2\/media?parent=601"}],"curies":[{"name":"wp","href":"https:\/\/api.w.org\/{rel}","templated":true}]}}