{"id":590,"date":"2020-03-24T18:39:01","date_gmt":"2020-03-24T18:39:01","guid":{"rendered":"https:\/\/ile-bizardtkd.com\/?page_id=590"},"modified":"2021-06-15T16:21:31","modified_gmt":"2021-06-15T20:21:31","slug":"junior-taekwondo-2","status":"publish","type":"page","link":"https:\/\/ile-bizardtkd.com\/fr\/junior-taekwondo-2\/","title":{"rendered":"taekwondo ado-adulte"},"content":{"rendered":"<div data-elementor-type=\"wp-post\" data-elementor-id=\"590\" class=\"elementor elementor-590\" data-elementor-post-type=\"page\">\n\t\t\t\t\t\t<section class=\"elementor-section elementor-top-section elementor-element elementor-element-837e386 elementor-section-stretched elementor-section-full_width elementor-section-height-min-height elementor-section-content-bottom elementor-section-height-default elementor-section-items-middle\" data-id=\"837e386\" data-element_type=\"section\" data-e-type=\"section\" data-settings=\"{&quot;stretch_section&quot;:&quot;section-stretched&quot;,&quot;background_background&quot;:&quot;classic&quot;}\">\n\t\t\t\t\t\t<div class=\"elementor-container elementor-column-gap-default\">\n\t\t\t\t\t<div class=\"elementor-column elementor-col-100 elementor-top-column elementor-element elementor-element-905ffe2\" data-id=\"905ffe2\" data-element_type=\"column\" data-e-type=\"column\">\n\t\t\t<div class=\"elementor-widget-wrap\">\n\t\t\t\t\t\t\t<\/div>\n\t\t<\/div>\n\t\t\t\t\t<\/div>\n\t\t<\/section>\n\t\t\t\t<section class=\"elementor-section elementor-top-section elementor-element elementor-element-6bf7ee1 elementor-section-boxed elementor-section-height-default elementor-section-height-default\" data-id=\"6bf7ee1\" data-element_type=\"section\" data-e-type=\"section\" data-settings=\"{&quot;background_background&quot;:&quot;classic&quot;}\">\n\t\t\t\t\t\t<div class=\"elementor-container elementor-column-gap-default\">\n\t\t\t\t\t<div class=\"elementor-column elementor-col-100 elementor-top-column elementor-element elementor-element-51aab8e\" data-id=\"51aab8e\" data-element_type=\"column\" data-e-type=\"column\">\n\t\t\t<div class=\"elementor-widget-wrap elementor-element-populated\">\n\t\t\t\t\t\t<div class=\"elementor-element elementor-element-d159f0d elementor-widget elementor-widget-heading\" data-id=\"d159f0d\" data-element_type=\"widget\" data-e-type=\"widget\" data-widget_type=\"heading.default\">\n\t\t\t\t<div class=\"elementor-widget-container\">\n\t\t\t\t\t<h1 class=\"elementor-heading-title elementor-size-default\">Taekwondo Ado-Adulte<\/h1>\t\t\t\t<\/div>\n\t\t\t\t<\/div>\n\t\t\t\t<div class=\"elementor-element elementor-element-be14d65 elementor-widget-divider--view-line elementor-widget elementor-widget-divider\" data-id=\"be14d65\" data-element_type=\"widget\" data-e-type=\"widget\" data-widget_type=\"divider.default\">\n\t\t\t\t<div class=\"elementor-widget-container\">\n\t\t\t\t\t\t\t<div class=\"elementor-divider\">\n\t\t\t<span class=\"elementor-divider-separator\">\n\t\t\t\t\t\t<\/span>\n\t\t<\/div>\n\t\t\t\t\t\t<\/div>\n\t\t\t\t<\/div>\n\t\t\t\t<div class=\"elementor-element elementor-element-34e3af0 elementor-widget elementor-widget-heading\" data-id=\"34e3af0\" data-element_type=\"widget\" data-e-type=\"widget\" data-widget_type=\"heading.default\">\n\t\t\t\t<div class=\"elementor-widget-container\">\n\t\t\t\t\t<h3 class=\"elementor-heading-title elementor-size-default\">Taekwondo pour tout le monde 11 ans et plus!<\/h3>\t\t\t\t<\/div>\n\t\t\t\t<\/div>\n\t\t\t\t<div class=\"elementor-element elementor-element-fc32d18 elementor-widget elementor-widget-text-editor\" data-id=\"fc32d18\" data-element_type=\"widget\" data-e-type=\"widget\" data-widget_type=\"text-editor.default\">\n\t\t\t\t<div class=\"elementor-widget-container\">\n\t\t\t\t\t\t\t\t\t<p>Un joyeux m\u00e9lange de tradition et de sport moderne r\u00e9sultant de l'\u00e9volution scientifique. Il offre une m\u00e9thode d'entra\u00eenement amusante, dynamique, productive et en s\u00e9curit\u00e9. Nous avons \u00e9galement r\u00e9ussi \u00e0 pr\u00e9server les valeurs d'excellence et d'\u00e9thique de la ceinture noire sans oublier les tr\u00e8s r\u00e9elles techniques d'autod\u00e9fense.<\/p><p>Une excellente alternative pour rester en forme, r\u00e9duire le stress, perdre du poids et m\u00eame se faire des amis. Au cours de votre d\u00e9veloppement, vous gagnerez \u00e9galement une image personnelle et une confiance en soi qui conf\u00e8rent le charme et l'attitude d'un gagnant.<\/p><ul><li class=\" translation-block\"><strong> Concentration <\/strong>: afin d'\u00eatre alerte, de s'efforcer dans les t\u00e2ches m\u00e9nag\u00e8res et les devoirs.<\/li><li class=\" translation-block\"><strong> Confiance en soi <\/strong>: afin de prendre sa place et de ne pas se laisser intimider.<\/li><li class=\" translation-block\"><strong> Pers\u00e9v\u00e9rance <\/strong>: afin d'atteindre leurs objectifs et de ne pas abandonner en cas de probl\u00e8me.<\/li><li class=\" translation-block\"><strong> Auto-discipline <\/strong>: pour \u00e9tudier, faire ses devoirs et d\u00e9velopper un sens des responsabilit\u00e9s.<\/li><li><strong>Le respect<\/strong>: Afin d&#039;inculquer la politesse et le sens des valeurs.<p>Entra\u00eenez-vous dans notre acad\u00e9mie pour le championnat de la vie.<\/p><\/li><\/ul>\t\t\t\t\t\t\t\t<\/div>\n\t\t\t\t<\/div>\n\t\t\t\t\t<\/div>\n\t\t<\/div>\n\t\t\t\t\t<\/div>\n\t\t<\/section>\n\t\t\t\t<section class=\"elementor-section elementor-top-section elementor-element elementor-element-dafe71e elementor-section-boxed elementor-section-height-default elementor-section-height-default\" data-id=\"dafe71e\" data-element_type=\"section\" data-e-type=\"section\" data-settings=\"{&quot;background_background&quot;:&quot;classic&quot;}\">\n\t\t\t\t\t\t<div class=\"elementor-container elementor-column-gap-default\">\n\t\t\t\t\t<div class=\"elementor-column elementor-col-100 elementor-top-column elementor-element elementor-element-2267a58\" data-id=\"2267a58\" data-element_type=\"column\" data-e-type=\"column\">\n\t\t\t<div class=\"elementor-widget-wrap\">\n\t\t\t\t\t\t\t<\/div>\n\t\t<\/div>\n\t\t\t\t\t<\/div>\n\t\t<\/section>\n\t\t\t\t<\/div>","protected":false},"excerpt":{"rendered":"<p>Teen-Adult Taekwondo Taekwondo for everyone 11 and up! A joyful blend of tradition and a modern sport as the result of scientific evolution. It delivers an amusing, dynamic, productive and safe training method. We have also succeeded to preserve the values of excellence and the ethics of the black belt without forgetting the very real [&hellip;]<\/p>\n","protected":false},"author":1,"featured_media":0,"parent":0,"menu_order":0,"comment_status":"closed","ping_status":"closed","template":"elementor_header_footer","meta":{"footnotes":""},"class_list":["post-590","page","type-page","status-publish","hentry","entry","owp-thumbs-layout-horizontal","owp-btn-normal","owp-tabs-layout-horizontal","has-no-thumbnails","has-product-nav"],"_links":{"self":[{"href":"https:\/\/ile-bizardtkd.com\/fr\/wp-json\/wp\/v2\/pages\/590","targetHints":{"allow":["GET"]}}],"collection":[{"href":"https:\/\/ile-bizardtkd.com\/fr\/wp-json\/wp\/v2\/pages"}],"about":[{"href":"https:\/\/ile-bizardtkd.com\/fr\/wp-json\/wp\/v2\/types\/page"}],"author":[{"embeddable":true,"href":"https:\/\/ile-bizardtkd.com\/fr\/wp-json\/wp\/v2\/users\/1"}],"replies":[{"embeddable":true,"href":"https:\/\/ile-bizardtkd.com\/fr\/wp-json\/wp\/v2\/comments?post=590"}],"version-history":[{"count":25,"href":"https:\/\/ile-bizardtkd.com\/fr\/wp-json\/wp\/v2\/pages\/590\/revisions"}],"predecessor-version":[{"id":5266,"href":"https:\/\/ile-bizardtkd.com\/fr\/wp-json\/wp\/v2\/pages\/590\/revisions\/5266"}],"wp:attachment":[{"href":"https:\/\/ile-bizardtkd.com\/fr\/wp-json\/wp\/v2\/media?parent=590"}],"curies":[{"name":"wp","href":"https:\/\/api.w.org\/{rel}","templated":true}]}}