{"id":131,"date":"2019-05-07T23:06:38","date_gmt":"2019-05-07T23:06:38","guid":{"rendered":"https:\/\/ile-bizardtkd.com\/?page_id=131"},"modified":"2021-06-15T16:18:36","modified_gmt":"2021-06-15T20:18:36","slug":"little-tigers","status":"publish","type":"page","link":"https:\/\/ile-bizardtkd.com\/fr\/little-tigers\/","title":{"rendered":"Petits Tigres"},"content":{"rendered":"<div data-elementor-type=\"wp-post\" data-elementor-id=\"131\" class=\"elementor elementor-131\" data-elementor-post-type=\"page\">\n\t\t\t\t\t\t<section class=\"elementor-section elementor-top-section elementor-element elementor-element-d15ccf7 elementor-section-stretched elementor-section-full_width elementor-section-height-min-height elementor-section-content-bottom elementor-section-height-default elementor-section-items-middle\" data-id=\"d15ccf7\" data-element_type=\"section\" data-e-type=\"section\" data-settings=\"{&quot;stretch_section&quot;:&quot;section-stretched&quot;,&quot;background_background&quot;:&quot;classic&quot;}\">\n\t\t\t\t\t\t\t<div class=\"elementor-background-overlay\"><\/div>\n\t\t\t\t\t\t\t<div class=\"elementor-container elementor-column-gap-default\">\n\t\t\t\t\t<div class=\"elementor-column elementor-col-100 elementor-top-column elementor-element elementor-element-14b3a47\" data-id=\"14b3a47\" data-element_type=\"column\" data-e-type=\"column\">\n\t\t\t<div class=\"elementor-widget-wrap elementor-element-populated\">\n\t\t\t\t\t\t<div class=\"elementor-element elementor-element-b2eacdb elementor-invisible elementor-widget elementor-widget-heading\" data-id=\"b2eacdb\" data-element_type=\"widget\" data-e-type=\"widget\" data-settings=\"{&quot;_animation&quot;:&quot;fadeInDown&quot;}\" data-widget_type=\"heading.default\">\n\t\t\t\t<div class=\"elementor-widget-container\">\n\t\t\t\t\t<h1 class=\"elementor-heading-title elementor-size-default\">Petits Tigres<\/h1>\t\t\t\t<\/div>\n\t\t\t\t<\/div>\n\t\t\t\t<div class=\"elementor-element elementor-element-f3e1749 elementor-widget-divider--view-line elementor-widget elementor-widget-divider\" data-id=\"f3e1749\" data-element_type=\"widget\" data-e-type=\"widget\" data-widget_type=\"divider.default\">\n\t\t\t\t<div class=\"elementor-widget-container\">\n\t\t\t\t\t\t\t<div class=\"elementor-divider\">\n\t\t\t<span class=\"elementor-divider-separator\">\n\t\t\t\t\t\t<\/span>\n\t\t<\/div>\n\t\t\t\t\t\t<\/div>\n\t\t\t\t<\/div>\n\t\t\t\t<div class=\"elementor-element elementor-element-db5b201 elementor-widget elementor-widget-heading\" data-id=\"db5b201\" data-element_type=\"widget\" data-e-type=\"widget\" data-widget_type=\"heading.default\">\n\t\t\t\t<div class=\"elementor-widget-container\">\n\t\t\t\t\t<h2 class=\"elementor-heading-title elementor-size-default\">Taekwondo pour les 4 \u00e0 5 ans<\/h2>\t\t\t\t<\/div>\n\t\t\t\t<\/div>\n\t\t\t\t\t<\/div>\n\t\t<\/div>\n\t\t\t\t\t<\/div>\n\t\t<\/section>\n\t\t\t\t<section class=\"elementor-section elementor-top-section elementor-element elementor-element-6bf7ee1 elementor-section-boxed elementor-section-height-default elementor-section-height-default\" data-id=\"6bf7ee1\" data-element_type=\"section\" data-e-type=\"section\" data-settings=\"{&quot;background_background&quot;:&quot;classic&quot;}\">\n\t\t\t\t\t\t<div class=\"elementor-container elementor-column-gap-default\">\n\t\t\t\t\t<div class=\"elementor-column elementor-col-100 elementor-top-column elementor-element elementor-element-51aab8e\" data-id=\"51aab8e\" data-element_type=\"column\" data-e-type=\"column\">\n\t\t\t<div class=\"elementor-widget-wrap elementor-element-populated\">\n\t\t\t\t\t\t<div class=\"elementor-element elementor-element-104555e elementor-widget elementor-widget-heading\" data-id=\"104555e\" data-element_type=\"widget\" data-e-type=\"widget\" data-widget_type=\"heading.default\">\n\t\t\t\t<div class=\"elementor-widget-container\">\n\t\t\t\t\t<h2 class=\"elementor-heading-title elementor-size-default\">\u00c0 propos du programme Little Tigers<\/h2>\t\t\t\t<\/div>\n\t\t\t\t<\/div>\n\t\t\t\t<div class=\"elementor-element elementor-element-fc32d18 elementor-widget elementor-widget-text-editor\" data-id=\"fc32d18\" data-element_type=\"widget\" data-e-type=\"widget\" data-widget_type=\"text-editor.default\">\n\t\t\t\t<div class=\"elementor-widget-container\">\n\t\t\t\t\t\t\t\t\t<p>Cours interactifs et ludiques o\u00f9 les valeurs et l'\u00e9thique prennent autant de place que le sport et les techniques de d\u00e9fense. Ce programme est con\u00e7u pour garder les enfants tr\u00e8s motiv\u00e9s avec des objectifs et des r\u00e9compenses sp\u00e9cifiques \u00e0 court, moyen et long terme.<\/p>\n<ul>\n<li style=\"text-align: left;\" class=\" translation-block\"><strong> Concentration <\/strong>: afin d'\u00eatre alerte, de s'efforcer dans les t\u00e2ches m\u00e9nag\u00e8res et les devoirs.<\/li>\n<li class=\" translation-block\"><strong> Confiance en soi <\/strong>: afin de prendre sa place et de ne pas se laisser intimider.<\/li>\n<li class=\" translation-block\"><strong> Pers\u00e9v\u00e9rance <\/strong>: afin d'atteindre leurs objectifs et de ne pas abandonner en cas de probl\u00e8me.<\/li>\n<li class=\" translation-block\"><strong> Auto-discipline <\/strong>: pour \u00e9tudier, faire ses devoirs et d\u00e9velopper un sens des responsabilit\u00e9s.<\/li>\n<li><strong>Le respect<\/strong>: Afin d&#039;inculquer la politesse et le sens des valeurs.\n<p>Vos enfants s&#039;entra\u00eenent dans notre acad\u00e9mie pour le championnat de la vie.<\/p>\n<\/li>\n<\/ul>\t\t\t\t\t\t\t\t<\/div>\n\t\t\t\t<\/div>\n\t\t\t\t\t<\/div>\n\t\t<\/div>\n\t\t\t\t\t<\/div>\n\t\t<\/section>\n\t\t\t\t<section class=\"elementor-section elementor-top-section elementor-element elementor-element-dafe71e elementor-section-boxed elementor-section-height-default elementor-section-height-default\" data-id=\"dafe71e\" data-element_type=\"section\" data-e-type=\"section\" data-settings=\"{&quot;background_background&quot;:&quot;classic&quot;}\">\n\t\t\t\t\t\t<div class=\"elementor-container elementor-column-gap-default\">\n\t\t\t\t\t<div class=\"elementor-column elementor-col-100 elementor-top-column elementor-element elementor-element-24a2e53\" data-id=\"24a2e53\" data-element_type=\"column\" data-e-type=\"column\">\n\t\t\t<div class=\"elementor-widget-wrap\">\n\t\t\t\t\t\t\t<\/div>\n\t\t<\/div>\n\t\t\t\t\t<\/div>\n\t\t<\/section>\n\t\t\t\t<\/div>","protected":false},"excerpt":{"rendered":"<p>Little Tigers Taekwondo for 4 to 5 year olds About the Little Tigers program Interactive and fun classes where values and ethics take as much place as the sport and techniques of defense. This program is built to keep the kids highly motivated with specific goals and rewards in a short, medium and long term. [&hellip;]<\/p>\n","protected":false},"author":1,"featured_media":0,"parent":0,"menu_order":0,"comment_status":"closed","ping_status":"closed","template":"elementor_header_footer","meta":{"footnotes":""},"class_list":["post-131","page","type-page","status-publish","hentry","entry","owp-thumbs-layout-horizontal","owp-btn-normal","owp-tabs-layout-horizontal","has-no-thumbnails","has-product-nav"],"_links":{"self":[{"href":"https:\/\/ile-bizardtkd.com\/fr\/wp-json\/wp\/v2\/pages\/131","targetHints":{"allow":["GET"]}}],"collection":[{"href":"https:\/\/ile-bizardtkd.com\/fr\/wp-json\/wp\/v2\/pages"}],"about":[{"href":"https:\/\/ile-bizardtkd.com\/fr\/wp-json\/wp\/v2\/types\/page"}],"author":[{"embeddable":true,"href":"https:\/\/ile-bizardtkd.com\/fr\/wp-json\/wp\/v2\/users\/1"}],"replies":[{"embeddable":true,"href":"https:\/\/ile-bizardtkd.com\/fr\/wp-json\/wp\/v2\/comments?post=131"}],"version-history":[{"count":40,"href":"https:\/\/ile-bizardtkd.com\/fr\/wp-json\/wp\/v2\/pages\/131\/revisions"}],"predecessor-version":[{"id":5260,"href":"https:\/\/ile-bizardtkd.com\/fr\/wp-json\/wp\/v2\/pages\/131\/revisions\/5260"}],"wp:attachment":[{"href":"https:\/\/ile-bizardtkd.com\/fr\/wp-json\/wp\/v2\/media?parent=131"}],"curies":[{"name":"wp","href":"https:\/\/api.w.org\/{rel}","templated":true}]}}